{"id":10,"date":"2021-02-23T11:35:36","date_gmt":"2021-02-23T11:35:36","guid":{"rendered":"http:\/\/zenitfruit.com\/?page_id=10"},"modified":"2023-12-19T10:06:51","modified_gmt":"2023-12-19T10:06:51","slug":"otkup-i-izvoz-voca","status":"publish","type":"page","link":"https:\/\/zenitfruit.com\/en\/","title":{"rendered":"zenitfruit.com"},"content":{"rendered":"","protected":false},"excerpt":{"rendered":"","protected":false},"author":2,"featured_media":135,"parent":0,"menu_order":0,"comment_status":"open","ping_status":"closed","template":"","meta":{"nf_dc_page":"","content-type":"","om_disable_all_campaigns":false,"_monsterinsights_skip_tracking":false,"_monsterinsights_sitenote_active":false,"_monsterinsights_sitenote_note":"","_monsterinsights_sitenote_category":0,"footnotes":""},"class_list":["post-10","page","type-page","status-publish","has-post-thumbnail","hentry"],"yoast_head":"<!-- This site is optimized with the Yoast SEO plugin v27.3 - https:\/\/yoast.com\/product\/yoast-seo-wordpress\/ -->\n<title>zenitfruit.com - Zenit fruit Srbija<\/title>\n<meta name=\"description\" content=\"Izvoz vo\u0107a - Svo vo\u0107e koje otkupljujemo, pa\u017eljivo se pregleda i sortira, tako da samo najkvalitetniji komadi odlaze dalje u prodaju.\" \/>\n<meta name=\"robots\" content=\"index, follow, max-snippet:-1, max-image-preview:large, max-video-preview:-1\" \/>\n<link rel=\"canonical\" href=\"https:\/\/zenitfruit.com\/en\/\" \/>\n<meta property=\"og:locale\" content=\"en_US\" \/>\n<meta property=\"og:type\" content=\"article\" \/>\n<meta property=\"og:title\" content=\"zenitfruit.com - Zenit fruit Srbija\" \/>\n<meta property=\"og:description\" content=\"Izvoz vo\u0107a - Svo vo\u0107e koje otkupljujemo, pa\u017eljivo se pregleda i sortira, tako da samo najkvalitetniji komadi odlaze dalje u prodaju.\" \/>\n<meta property=\"og:url\" content=\"https:\/\/zenitfruit.com\/en\/\" \/>\n<meta property=\"og:site_name\" content=\"Zenit fruit Srbija\" \/>\n<meta property=\"article:modified_time\" content=\"2023-12-19T10:06:51+00:00\" \/>\n<meta property=\"og:image\" content=\"https:\/\/zenitfruit.com\/wp-content\/uploads\/2023\/11\/Zenfruit-logo.png\" \/>\n\t<meta property=\"og:image:width\" content=\"728\" \/>\n\t<meta property=\"og:image:height\" content=\"207\" \/>\n\t<meta property=\"og:image:type\" content=\"image\/png\" \/>\n<meta name=\"twitter:card\" content=\"summary_large_image\" \/>\n<meta name=\"twitter:label1\" content=\"Est. reading time\" \/>\n\t<meta name=\"twitter:data1\" content=\"1 minute\" \/>\n<script type=\"application\/ld+json\" class=\"yoast-schema-graph\">{\"@context\":\"https:\\\/\\\/schema.org\",\"@graph\":[{\"@type\":\"WebPage\",\"@id\":\"https:\\\/\\\/zenitfruit.com\\\/\",\"url\":\"https:\\\/\\\/zenitfruit.com\\\/\",\"name\":\"zenitfruit.com - Zenit fruit Srbija\",\"isPartOf\":{\"@id\":\"https:\\\/\\\/zenitfruit.com\\\/#website\"},\"primaryImageOfPage\":{\"@id\":\"https:\\\/\\\/zenitfruit.com\\\/#primaryimage\"},\"image\":{\"@id\":\"https:\\\/\\\/zenitfruit.com\\\/#primaryimage\"},\"thumbnailUrl\":\"https:\\\/\\\/i0.wp.com\\\/zenitfruit.com\\\/wp-content\\\/uploads\\\/2023\\\/11\\\/Zenfruit-logo.png?fit=728%2C207&ssl=1\",\"datePublished\":\"2021-02-23T11:35:36+00:00\",\"dateModified\":\"2023-12-19T10:06:51+00:00\",\"description\":\"Izvoz vo\u0107a - Svo vo\u0107e koje otkupljujemo, pa\u017eljivo se pregleda i sortira, tako da samo najkvalitetniji komadi odlaze dalje u prodaju.\",\"breadcrumb\":{\"@id\":\"https:\\\/\\\/zenitfruit.com\\\/#breadcrumb\"},\"inLanguage\":\"en-US\",\"potentialAction\":[{\"@type\":\"ReadAction\",\"target\":[\"https:\\\/\\\/zenitfruit.com\\\/\"]}]},{\"@type\":\"ImageObject\",\"inLanguage\":\"en-US\",\"@id\":\"https:\\\/\\\/zenitfruit.com\\\/#primaryimage\",\"url\":\"https:\\\/\\\/i0.wp.com\\\/zenitfruit.com\\\/wp-content\\\/uploads\\\/2023\\\/11\\\/Zenfruit-logo.png?fit=728%2C207&ssl=1\",\"contentUrl\":\"https:\\\/\\\/i0.wp.com\\\/zenitfruit.com\\\/wp-content\\\/uploads\\\/2023\\\/11\\\/Zenfruit-logo.png?fit=728%2C207&ssl=1\",\"width\":728,\"height\":207},{\"@type\":\"BreadcrumbList\",\"@id\":\"https:\\\/\\\/zenitfruit.com\\\/#breadcrumb\",\"itemListElement\":[{\"@type\":\"ListItem\",\"position\":1,\"name\":\"Home\",\"item\":\"https:\\\/\\\/zenitfruit.com\\\/\"},{\"@type\":\"ListItem\",\"position\":2,\"name\":\"zenitfruit.com\"}]},{\"@type\":\"WebSite\",\"@id\":\"https:\\\/\\\/zenitfruit.com\\\/#website\",\"url\":\"https:\\\/\\\/zenitfruit.com\\\/\",\"name\":\"Zenit fruit Srbija\",\"description\":\"Osnovani sa \u017eeljom da obogatimo tr\u017eiste kvalitetnim proizvodom i uslugom\",\"publisher\":{\"@id\":\"https:\\\/\\\/zenitfruit.com\\\/#organization\"},\"potentialAction\":[{\"@type\":\"SearchAction\",\"target\":{\"@type\":\"EntryPoint\",\"urlTemplate\":\"https:\\\/\\\/zenitfruit.com\\\/?s={search_term_string}\"},\"query-input\":{\"@type\":\"PropertyValueSpecification\",\"valueRequired\":true,\"valueName\":\"search_term_string\"}}],\"inLanguage\":\"en-US\"},{\"@type\":\"Organization\",\"@id\":\"https:\\\/\\\/zenitfruit.com\\\/#organization\",\"name\":\"Zenit Fruit DOO\",\"url\":\"https:\\\/\\\/zenitfruit.com\\\/\",\"logo\":{\"@type\":\"ImageObject\",\"inLanguage\":\"en-US\",\"@id\":\"https:\\\/\\\/zenitfruit.com\\\/#\\\/schema\\\/logo\\\/image\\\/\",\"url\":\"https:\\\/\\\/zenitfruit.com\\\/wp-content\\\/uploads\\\/2023\\\/11\\\/Zenfruit-logo.png\",\"contentUrl\":\"https:\\\/\\\/zenitfruit.com\\\/wp-content\\\/uploads\\\/2023\\\/11\\\/Zenfruit-logo.png\",\"width\":728,\"height\":207,\"caption\":\"Zenit Fruit DOO\"},\"image\":{\"@id\":\"https:\\\/\\\/zenitfruit.com\\\/#\\\/schema\\\/logo\\\/image\\\/\"}}]}<\/script>\n<!-- \/ Yoast SEO plugin. -->","yoast_head_json":{"title":"zenitfruit.com - Zenit fruit Srbija","description":"Izvoz vo\u0107a - Svo vo\u0107e koje otkupljujemo, pa\u017eljivo se pregleda i sortira, tako da samo najkvalitetniji komadi odlaze dalje u prodaju.","robots":{"index":"index","follow":"follow","max-snippet":"max-snippet:-1","max-image-preview":"max-image-preview:large","max-video-preview":"max-video-preview:-1"},"canonical":"https:\/\/zenitfruit.com\/en\/","og_locale":"en_US","og_type":"article","og_title":"zenitfruit.com - Zenit fruit Srbija","og_description":"Izvoz vo\u0107a - Svo vo\u0107e koje otkupljujemo, pa\u017eljivo se pregleda i sortira, tako da samo najkvalitetniji komadi odlaze dalje u prodaju.","og_url":"https:\/\/zenitfruit.com\/en\/","og_site_name":"Zenit fruit Srbija","article_modified_time":"2023-12-19T10:06:51+00:00","og_image":[{"width":728,"height":207,"url":"https:\/\/zenitfruit.com\/wp-content\/uploads\/2023\/11\/Zenfruit-logo.png","type":"image\/png"}],"twitter_card":"summary_large_image","twitter_misc":{"Est. reading time":"1 minute"},"schema":{"@context":"https:\/\/schema.org","@graph":[{"@type":"WebPage","@id":"https:\/\/zenitfruit.com\/","url":"https:\/\/zenitfruit.com\/","name":"zenitfruit.com - Zenit fruit Srbija","isPartOf":{"@id":"https:\/\/zenitfruit.com\/#website"},"primaryImageOfPage":{"@id":"https:\/\/zenitfruit.com\/#primaryimage"},"image":{"@id":"https:\/\/zenitfruit.com\/#primaryimage"},"thumbnailUrl":"https:\/\/i0.wp.com\/zenitfruit.com\/wp-content\/uploads\/2023\/11\/Zenfruit-logo.png?fit=728%2C207&ssl=1","datePublished":"2021-02-23T11:35:36+00:00","dateModified":"2023-12-19T10:06:51+00:00","description":"Izvoz vo\u0107a - Svo vo\u0107e koje otkupljujemo, pa\u017eljivo se pregleda i sortira, tako da samo najkvalitetniji komadi odlaze dalje u prodaju.","breadcrumb":{"@id":"https:\/\/zenitfruit.com\/#breadcrumb"},"inLanguage":"en-US","potentialAction":[{"@type":"ReadAction","target":["https:\/\/zenitfruit.com\/"]}]},{"@type":"ImageObject","inLanguage":"en-US","@id":"https:\/\/zenitfruit.com\/#primaryimage","url":"https:\/\/i0.wp.com\/zenitfruit.com\/wp-content\/uploads\/2023\/11\/Zenfruit-logo.png?fit=728%2C207&ssl=1","contentUrl":"https:\/\/i0.wp.com\/zenitfruit.com\/wp-content\/uploads\/2023\/11\/Zenfruit-logo.png?fit=728%2C207&ssl=1","width":728,"height":207},{"@type":"BreadcrumbList","@id":"https:\/\/zenitfruit.com\/#breadcrumb","itemListElement":[{"@type":"ListItem","position":1,"name":"Home","item":"https:\/\/zenitfruit.com\/"},{"@type":"ListItem","position":2,"name":"zenitfruit.com"}]},{"@type":"WebSite","@id":"https:\/\/zenitfruit.com\/#website","url":"https:\/\/zenitfruit.com\/","name":"Zenit fruit Srbija","description":"Founded with the desire to enrich the market with quality products and services","publisher":{"@id":"https:\/\/zenitfruit.com\/#organization"},"potentialAction":[{"@type":"SearchAction","target":{"@type":"EntryPoint","urlTemplate":"https:\/\/zenitfruit.com\/?s={search_term_string}"},"query-input":{"@type":"PropertyValueSpecification","valueRequired":true,"valueName":"search_term_string"}}],"inLanguage":"en-US"},{"@type":"Organization","@id":"https:\/\/zenitfruit.com\/#organization","name":"Zenit Fruit DOO","url":"https:\/\/zenitfruit.com\/","logo":{"@type":"ImageObject","inLanguage":"en-US","@id":"https:\/\/zenitfruit.com\/#\/schema\/logo\/image\/","url":"https:\/\/zenitfruit.com\/wp-content\/uploads\/2023\/11\/Zenfruit-logo.png","contentUrl":"https:\/\/zenitfruit.com\/wp-content\/uploads\/2023\/11\/Zenfruit-logo.png","width":728,"height":207,"caption":"Zenit Fruit DOO"},"image":{"@id":"https:\/\/zenitfruit.com\/#\/schema\/logo\/image\/"}}]}},"jetpack_sharing_enabled":true,"_links":{"self":[{"href":"https:\/\/zenitfruit.com\/en\/wp-json\/wp\/v2\/pages\/10","targetHints":{"allow":["GET"]}}],"collection":[{"href":"https:\/\/zenitfruit.com\/en\/wp-json\/wp\/v2\/pages"}],"about":[{"href":"https:\/\/zenitfruit.com\/en\/wp-json\/wp\/v2\/types\/page"}],"author":[{"embeddable":true,"href":"https:\/\/zenitfruit.com\/en\/wp-json\/wp\/v2\/users\/2"}],"replies":[{"embeddable":true,"href":"https:\/\/zenitfruit.com\/en\/wp-json\/wp\/v2\/comments?post=10"}],"version-history":[{"count":1,"href":"https:\/\/zenitfruit.com\/en\/wp-json\/wp\/v2\/pages\/10\/revisions"}],"predecessor-version":[{"id":140,"href":"https:\/\/zenitfruit.com\/en\/wp-json\/wp\/v2\/pages\/10\/revisions\/140"}],"wp:featuredmedia":[{"embeddable":true,"href":"https:\/\/zenitfruit.com\/en\/wp-json\/wp\/v2\/media\/135"}],"wp:attachment":[{"href":"https:\/\/zenitfruit.com\/en\/wp-json\/wp\/v2\/media?parent=10"}],"curies":[{"name":"wp","href":"https:\/\/api.w.org\/{rel}","templated":true}]}}